{"id":495,"date":"2018-03-10T18:43:44","date_gmt":"2018-03-10T16:43:44","guid":{"rendered":"http:\/\/www.barki.de\/?page_id=495"},"modified":"2022-03-15T15:54:52","modified_gmt":"2022-03-15T13:54:52","slug":"datenschutzerklaerung","status":"publish","type":"page","link":"https:\/\/www.barki.de\/?page_id=495","title":{"rendered":"Datenschutzerkl\u00e4rung"},"content":{"rendered":"<div class=\"flex_column av_two_third  flex_column_div av-zero-column-padding first  \" style='border-radius:0px; '><section class=\"av_textblock_section \"  itemscope=\"itemscope\" itemtype=\"https:\/\/schema.org\/CreativeWork\" ><div class='avia_textblock  '   itemprop=\"text\" ><h1>Datenschutzerkl\u00e4rung<\/h1>\n<h2>1. Datenschutz auf einen Blick<\/h2>\n<h3>Allgemeine Hinweise<\/h3>\n<p>Die folgenden Hinweise geben einen einfachen \u00dcberblick dar\u00fcber, was mit Ihren personenbezogenen Daten passiert, wenn Sie unsere Website besuchen. Personenbezogene Daten sind alle Daten, mit denen Sie pers\u00f6nlich identifiziert werden k\u00f6nnen. Ausf\u00fchrliche Informationen zum Thema Datenschutz entnehmen Sie unserer unter diesem Text aufgef\u00fchrten Datenschutzerkl\u00e4rung.<\/p>\n<h2>2. Allgemeine Hinweise und Pflichtinformationen<\/h2>\n<h3>Datenschutz<\/h3>\n<p>Die Betreiber dieser Seiten nehmen den Schutz Ihrer pers\u00f6nlichen Daten sehr ernst. Wir behandeln Ihre personenbezogenen Daten vertraulich und entsprechend der gesetzlichen Datenschutzvorschriften sowie dieser Datenschutzerkl\u00e4rung.<\/p>\n<p>Wenn Sie diese Website benutzen, werden verschiedene personenbezogene Daten erhoben. Personenbezogene Daten sind Daten, mit denen Sie pers\u00f6nlich identifiziert werden k\u00f6nnen. Die vorliegende Datenschutzerkl\u00e4rung erl\u00e4utert, welche Daten wir erheben und wof\u00fcr wir sie nutzen. Sie erl\u00e4utert auch, wie und zu welchem Zweck das geschieht.<\/p>\n<p>Wir weisen darauf hin, dass die Daten\u00fcbertragung im Internet (z.B. bei der Kommunikation per E-Mail) Sicherheitsl\u00fccken aufweisen kann. Ein l\u00fcckenloser Schutz der Daten vor dem Zugriff durch Dritte ist nicht m\u00f6glich.<\/p>\n<h3>Hinweis zur verantwortlichen Stelle<\/h3>\n<p>Die verantwortliche Stelle f\u00fcr die Datenverarbeitung auf dieser Website ist:<\/p>\n<p>Michael Barg<br \/>\nKyllburger Str. \u00a05a<br \/>\nD-54636 Bickendorf<\/p>\n<p>Telefon: +49 171 3242172<br \/>\nE-Mail: mail@barki.de<\/p>\n<p>Verantwortliche Stelle ist die nat\u00fcrliche oder juristische Person, die allein oder gemeinsam mit anderen \u00fcber die Zwecke und Mittel der Verarbeitung von personenbezogenen Daten (z.B. Namen, E-Mail-Adressen o. \u00c4.) entscheidet.<\/p>\n<h3>SSL- bzw. TLS-Verschl\u00fcsselung<\/h3>\n<p>Diese Seite nutzt aus Sicherheitsgr\u00fcnden und zum Schutz der \u00dcbertragung vertraulicher Inhalte, wie zum Beispiel Bestellungen oder Anfragen, die Sie an uns als Seitenbetreiber senden, eine SSL-bzw. TLS-Verschl\u00fcsselung. Eine verschl\u00fcsselte Verbindung erkennen Sie daran, dass die Adresszeile des Browsers von \u201chttp:\/\/\u201d auf \u201chttps:\/\/\u201d wechselt und an dem Schloss-Symbol in Ihrer Browserzeile.<\/p>\n<p>Wenn die SSL- bzw. TLS-Verschl\u00fcsselung aktiviert ist, k\u00f6nnen die Daten, die Sie an uns \u00fcbermitteln, nicht von Dritten mitgelesen werden.<\/p>\n<h2>3. Datenerfassung auf unserer Website<\/h2>\n<h3>Cookies<\/h3>\n<p>Die Internetseiten verwenden teilweise so genannte Cookies. Cookies richten auf Ihrem Rechner keinen Schaden an und enthalten keine Viren. Sie dienen dazu, unser Angebot nutzerfreundlicher, effektiver und sicherer zu machen. Cookies sind kleine Textdateien, die auf Ihrem Rechner abgelegt werden und die Ihr Browser speichert.<\/p>\n<p>Die meisten der von uns verwendeten Cookies sind so genannte \u201cSession-Cookies\u201d. Sie werden nach Ende Ihres Besuchs automatisch gel\u00f6scht. Andere Cookies bleiben auf Ihrem Endger\u00e4t gespeichert bis Sie diese l\u00f6schen. Diese Cookies erm\u00f6glichen es uns, Ihren Browser beim n\u00e4chsten Besuch wiederzuerkennen.<\/p>\n<p>Sie k\u00f6nnen Ihren Browser so einstellen, dass Sie \u00fcber das Setzen von Cookies informiert werden und Cookies nur im Einzelfall erlauben, die Annahme von Cookies f\u00fcr bestimmte F\u00e4lle oder generell ausschlie\u00dfen sowie das automatische L\u00f6schen der Cookies beim Schlie\u00dfen des Browser aktivieren. Bei der Deaktivierung von Cookies kann die Funktionalit\u00e4t dieser Website eingeschr\u00e4nkt sein.<\/p>\n<p>Cookies, die zur Durchf\u00fchrung des elektronischen Kommunikationsvorgangs oder zur Bereitstellung bestimmter, von Ihnen erw\u00fcnschter Funktionen (z.B. Warenkorbfunktion) erforderlich sind, werden auf Grundlage von Art. 6 Abs. 1 lit. f DSGVO gespeichert. Der Websitebetreiber hat ein berechtigtes Interesse an der Speicherung von Cookies zur technisch fehlerfreien und optimierten Bereitstellung seiner Dienste. Soweit andere Cookies (z.B. Cookies zur Analyse Ihres Surfverhaltens) gespeichert werden, werden diese in dieser Datenschutzerkl\u00e4rung gesondert behandelt.<\/p>\n<h3>Server-Log-Dateien<\/h3>\n<p>Der Provider der Seiten erhebt und speichert automatisch Informationen in so genannten Server-Log-Dateien, die Ihr Browser automatisch an uns \u00fcbermittelt. Dies sind:<\/p>\n<ul>\n<li>Browsertyp und Browserversion<\/li>\n<li>verwendetes Betriebssystem<\/li>\n<li>Referrer URL<\/li>\n<li>Hostname des zugreifenden Rechners<\/li>\n<li>Uhrzeit der Serveranfrage<\/li>\n<li>IP-Adresse<\/li>\n<\/ul>\n<p>Eine Zusammenf\u00fchrung dieser Daten mit anderen Datenquellen wird nicht vorgenommen.<\/p>\n<p>Die Erfassung dieser Daten erfolgt auf Grundlage von Art. 6 Abs. 1 lit. f DSGVO. Der Webseitenbetreiber hat ein berechtigtes Interesse an der technisch fehlerfreien Darstellung und der Optimierung seiner Webseite \u2013 hierzu m\u00fcssen die Server-Log-Files erfasst werden.<\/p>\n<h3 id=\"dsg-socialmedia\">Onlinepr\u00e4senzen in sozialen Medien<\/h3>\n<p><span class=\"ts-muster-content\">Wir unterhalten Onlinepr\u00e4senzen innerhalb sozialer Netzwerke und Plattformen, um mit den dort aktiven Kunden, Interessenten und Nutzern kommunizieren und sie dort \u00fcber unsere Leistungen informieren zu k\u00f6nnen.<\/span><\/p>\n<p>Wir weisen darauf hin, dass dabei Daten der Nutzer au\u00dferhalb des Raumes der Europ\u00e4ischen Union verarbeitet werden k\u00f6nnen. Hierdurch k\u00f6nnen sich f\u00fcr die Nutzer Risiken ergeben, weil so z.B. die Durchsetzung der Rechte der Nutzer erschwert werden k\u00f6nnte. Im Hinblick auf US-Anbieter die unter dem Privacy-Shield zertifiziert sind, weisen wir darauf hin, dass sie sich damit verpflichten, die Datenschutzstandards der EU einzuhalten.<\/p>\n<p>Ferner werden die Daten der Nutzer im Regelfall f\u00fcr Marktforschungs- und Werbezwecke verarbeitet. So k\u00f6nnen z.B. aus dem Nutzungsverhalten und sich daraus ergebenden Interessen der Nutzer Nutzungsprofile erstellt werden. Die Nutzungsprofile k\u00f6nnen wiederum verwendet werden, um z.B. Werbeanzeigen innerhalb und au\u00dferhalb der Plattformen zu schalten, die mutma\u00dflich den Interessen der Nutzer entsprechen. Zu diesen Zwecken werden im Regelfall Cookies auf den Rechnern der Nutzer gespeichert, in denen das Nutzungsverhalten und die Interessen der Nutzer gespeichert werden.<\/p>\n<p>Ferner k\u00f6nnen in den Nutzungsprofilen auch Daten unabh\u00e4ngig der von den Nutzern verwendeten Ger\u00e4te gespeichert werden (insbesondere wenn die Nutzer Mitglieder der jeweiligen Plattformen sind und bei diesen eingeloggt sind).<\/p>\n<p>Die Verarbeitung der personenbezogenen Daten der Nutzer erfolgt auf Grundlage unserer berechtigten Interessen an einer effektiven Information der Nutzer und Kommunikation mit den Nutzern gem. Art. 6 Abs. 1 lit. f. DSGVO. Falls die Nutzer von den jeweiligen Anbietern um eine Einwilligung in die Datenverarbeitung gebeten werden (d.h. ihr Einverst\u00e4ndnis z.B. \u00fcber das Anhaken eines Kontrollk\u00e4stchens oder Best\u00e4tigung einer Schaltfl\u00e4che erkl\u00e4ren) ist die Rechtsgrundlage der Verarbeitung Art. 6 Abs. 1 lit. a., Art. 7 DSGVO.<\/p>\n<h3>Angaben der Anbieter<\/h3>\n<p>F\u00fcr eine detaillierte Darstellung der jeweiligen Verarbeitungen und der Widerspruchsm\u00f6glichkeiten (Opt-Out), verweisen wir auf die nachfolgend verlinkten Angaben der Anbieter.<\/p>\n<p>Auch im Fall von Auskunftsanfragen und der Geltendmachung von Nutzerrechten, weisen wir darauf hin, dass diese am effektivsten bei den Anbietern geltend gemacht werden k\u00f6nnen. Nur die Anbieter haben jeweils Zugriff auf die Daten der Nutzer und k\u00f6nnen direkt entsprechende Ma\u00dfnahmen ergreifen und Ausk\u00fcnfte geben. Sollten Sie dennoch Hilfe ben\u00f6tigen, dann k\u00f6nnen Sie sich an uns wenden.<\/p>\n<p>&#8211; Facebook (Facebook Ireland Ltd., 4 Grand Canal Square, Grand Canal Harbour, Dublin 2, Irland) &#8211; Datenschutzerkl\u00e4rung:\u00a0<a href=\"https:\/\/www.facebook.com\/about\/privacy\/\" target=\"_blank\" rel=\"noopener\">https:\/\/www.facebook.com\/about\/privacy\/<\/a>, Opt-Out:\u00a0<a href=\"https:\/\/www.facebook.com\/settings?tab=ads\" target=\"_blank\" rel=\"noopener\">https:\/\/www.facebook.com\/settings?tab=ads<\/a>\u00a0und\u00a0<a href=\"http:\/\/www.youronlinechoices.com\/\" target=\"_blank\" rel=\"noopener\">http:\/\/www.youronlinechoices.com<\/a>, Privacy Shield:\u00a0<a href=\"https:\/\/www.privacyshield.gov\/participant?id=a2zt0000000GnywAAC&amp;status=Active\" target=\"_blank\" rel=\"noopener\">https:\/\/www.privacyshield.gov\/participant?id=a2zt0000000GnywAAC&amp;status=Active<\/a>.<\/p>\n<p>&#8211; Google\/ YouTube (Google LLC, 1600 Amphitheatre Parkway, Mountain View, CA 94043, USA) \u2013 Datenschutzerkl\u00e4rung: \u00a0<a href=\"https:\/\/policies.google.com\/privacy\" target=\"_blank\" rel=\"noopener\">https:\/\/policies.google.com\/privacy<\/a>, Opt-Out:\u00a0<a href=\"https:\/\/adssettings.google.com\/authenticated\" target=\"_blank\" rel=\"noopener\">https:\/\/adssettings.google.com\/authenticated<\/a>, Privacy Shield:\u00a0<a href=\"https:\/\/www.privacyshield.gov\/participant?id=a2zt000000001L5AAI&amp;status=Active\" target=\"_blank\" rel=\"noopener\">https:\/\/www.privacyshield.gov\/participant?id=a2zt000000001L5AAI&amp;status=Active<\/a>.<\/p>\n<p>&#8211; Instagram (Instagram Inc., 1601 Willow Road, Menlo Park, CA, 94025, USA) \u2013 Datenschutzerkl\u00e4rung\/ Opt-Out:\u00a0<a href=\"http:\/\/instagram.com\/about\/legal\/privacy\/\" target=\"_blank\" rel=\"noopener\">http:\/\/instagram.com\/about\/legal\/privacy\/<\/a>.<\/p>\n<p>&#8211; Twitter (Twitter Inc., 1355 Market Street, Suite 900, San Francisco, CA 94103, USA) &#8211; Datenschutzerkl\u00e4rung:\u00a0<a href=\"https:\/\/twitter.com\/de\/privacy\" target=\"_blank\" rel=\"noopener\">https:\/\/twitter.com\/de\/privacy<\/a>, Opt-Out:\u00a0<a href=\"https:\/\/twitter.com\/personalization\" target=\"_blank\" rel=\"noopener\">https:\/\/twitter.com\/personalization<\/a>, Privacy Shield:\u00a0<a href=\"https:\/\/www.privacyshield.gov\/participant?id=a2zt0000000TORzAAO&amp;status=Active\" target=\"_blank\" rel=\"noopener\">https:\/\/www.privacyshield.gov\/participant?id=a2zt0000000TORzAAO&amp;status=Active<\/a>.<\/p>\n<p>&#8211; Pinterest (Pinterest Inc., 635 High Street, Palo Alto, CA, 94301, USA) \u2013 Datenschutzerkl\u00e4rung\/ Opt-Out:\u00a0<a href=\"https:\/\/about.pinterest.com\/de\/privacy-policy\" target=\"_blank\" rel=\"noopener\">https:\/\/about.pinterest.com\/de\/privacy-policy<\/a>.<\/p>\n<p>&#8211; LinkedIn (LinkedIn Ireland Unlimited Company Wilton Place, Dublin 2, Irland) &#8211; Datenschutzerkl\u00e4rung\u00a0<a href=\"https:\/\/www.linkedin.com\/legal\/privacy-policy\" target=\"_blank\" rel=\"noopener\">https:\/\/www.linkedin.com\/legal\/privacy-policy<\/a>\u00a0, Opt-Out:\u00a0<a href=\"https:\/\/www.linkedin.com\/psettings\/guest-controls\/retargeting-opt-out\" target=\"_blank\" rel=\"noopener\">https:\/\/www.linkedin.com\/psettings\/guest-controls\/retargeting-opt-out<\/a>, Privacy Shield:\u00a0<a href=\"https:\/\/www.privacyshield.gov\/participant?id=a2zt0000000L0UZAA0&amp;status=Active\" target=\"_blank\" rel=\"noopener\">https:\/\/www.privacyshield.gov\/participant?id=a2zt0000000L0UZAA0&amp;status=Active<\/a>.<\/p>\n<p>&#8211; Xing (XING AG, Dammtorstra\u00dfe 29-32, 20354 Hamburg, Deutschland) &#8211; Datenschutzerkl\u00e4rung\/ Opt-Out:\u00a0<a href=\"https:\/\/privacy.xing.com\/de\/datenschutzerklaerung\" target=\"_blank\" rel=\"noopener\">https:\/\/privacy.xing.com\/de\/datenschutzerklaerung<\/a>.<\/p>\n<p id=\"dsgcopyright\"><a href=\"https:\/\/datenschutz-generator.de\/\" target=\"_blank\" rel=\"nofollow noopener\">Erstellt mit Datenschutz-Generator.de von RA Dr Thomas Schwenke<\/a><\/p>\n<\/div><\/section><\/div>\n","protected":false},"excerpt":{"rendered":"","protected":false},"author":2,"featured_media":0,"parent":0,"menu_order":0,"comment_status":"open","ping_status":"open","template":"","meta":[],"_links":{"self":[{"href":"https:\/\/www.barki.de\/index.php?rest_route=\/wp\/v2\/pages\/495"}],"collection":[{"href":"https:\/\/www.barki.de\/index.php?rest_route=\/wp\/v2\/pages"}],"about":[{"href":"https:\/\/www.barki.de\/index.php?rest_route=\/wp\/v2\/types\/page"}],"author":[{"embeddable":true,"href":"https:\/\/www.barki.de\/index.php?rest_route=\/wp\/v2\/users\/2"}],"replies":[{"embeddable":true,"href":"https:\/\/www.barki.de\/index.php?rest_route=%2Fwp%2Fv2%2Fcomments&post=495"}],"version-history":[{"count":13,"href":"https:\/\/www.barki.de\/index.php?rest_route=\/wp\/v2\/pages\/495\/revisions"}],"predecessor-version":[{"id":813,"href":"https:\/\/www.barki.de\/index.php?rest_route=\/wp\/v2\/pages\/495\/revisions\/813"}],"wp:attachment":[{"href":"https:\/\/www.barki.de\/index.php?rest_route=%2Fwp%2Fv2%2Fmedia&parent=495"}],"curies":[{"name":"wp","href":"https:\/\/api.w.org\/{rel}","templated":true}]}}